{"id":1768,"date":"2026-01-21T14:12:41","date_gmt":"2026-01-21T14:12:41","guid":{"rendered":"https:\/\/bali36.se\/home-2\/"},"modified":"2026-01-21T14:54:08","modified_gmt":"2026-01-21T14:54:08","slug":"web_design","status":"publish","type":"page","link":"https:\/\/bali36.se\/sv\/web_design\/","title":{"rendered":"Webbdesign"},"content":{"rendered":"<div data-elementor-type=\"wp-page\" data-elementor-id=\"1768\" class=\"elementor elementor-1768\">\n\t\t\t\t<div class=\"elementor-element elementor-element-b85ac9e e-flex e-con-boxed e-con e-parent\" data-id=\"b85ac9e\" data-element_type=\"container\" data-e-type=\"container\" data-settings=\"{&quot;background_background&quot;:&quot;classic&quot;}\">\n\t\t\t\t\t<div class=\"e-con-inner\">\n\t\t<div class=\"elementor-element elementor-element-479c30d e-con-full e-flex e-con e-child\" data-id=\"479c30d\" data-element_type=\"container\" data-e-type=\"container\">\n\t\t\t\t<\/div>\n\t\t\t\t\t<\/div>\n\t\t\t\t<\/div>\n\t\t<div class=\"elementor-element elementor-element-993ab07 e-flex e-con-boxed e-con e-parent\" data-id=\"993ab07\" data-element_type=\"container\" data-e-type=\"container\" data-settings=\"{&quot;background_background&quot;:&quot;classic&quot;}\">\n\t\t\t\t\t<div class=\"e-con-inner\">\n\t\t<div class=\"elementor-element elementor-element-410420e e-con-full e-flex e-con e-child\" data-id=\"410420e\" data-element_type=\"container\" data-e-type=\"container\">\n\t\t<div class=\"elementor-element elementor-element-1f1c522 e-flex e-con-boxed e-con e-child\" data-id=\"1f1c522\" data-element_type=\"container\" data-e-type=\"container\">\n\t\t\t\t\t<div class=\"e-con-inner\">\n\t\t\t\t<div class=\"elementor-element elementor-element-4d90eec elementor-widget__width-initial elementor-widget elementor-widget-hfe-infocard\" data-id=\"4d90eec\" data-element_type=\"widget\" data-e-type=\"widget\" data-widget_type=\"hfe-infocard.default\">\n\t\t\t\t<div class=\"elementor-widget-container\">\n\t\t\t\t\t\n\t\t<div class=\"hfe-infocard\">\n\t\t\t\t\t\t\t\t\t<div class=\"hfe-infocard-title-wrap\">\n\t\t\t\t<h2 class=\"hfe-infocard-title elementor-inline-editing\" data-elementor-setting-key=\"infocard_title\" data-elementor-inline-editing-toolbar=\"basic\" >WEBB DESIGN<\/h2>\t\t\t<\/div>\n\t\t\t\t\t\t<div class=\"hfe-infocard-text-wrap\">\n\t\t\t\t<div class=\"hfe-infocard-text elementor-inline-editing\" data-elementor-setting-key=\"infocard_description\" data-elementor-inline-editing-toolbar=\"advanced\">\n\t\t\t\t\tF\u00f6rutom att njuta av Thailand hj\u00e4lper vi ocks\u00e5 m\u00e4nniskor att skapa professionella webbplatser och design, med m\u00e5nga \u00e5rs erfarenhet av att utveckla systeml\u00f6sningar f\u00f6r sm\u00e5 till stora internationella f\u00f6retag. Kontakta oss nedan f\u00f6r att boka ett kostnadsfritt uppstartsm\u00f6te.\t\t\t\t<\/div>\n\t\t\t\t\t\t\t<\/div>\n\t\t<\/div>\n\n\t\t\t\t\t\t<\/div>\n\t\t\t\t<\/div>\n\t\t\t\t\t<\/div>\n\t\t\t\t<\/div>\n\t\t<div class=\"elementor-element elementor-element-052cd8f e-con-full e-flex e-con e-child\" data-id=\"052cd8f\" data-element_type=\"container\" data-e-type=\"container\">\n\t\t<div class=\"elementor-element elementor-element-3fe711a e-con-full e-flex e-con e-child\" data-id=\"3fe711a\" data-element_type=\"container\" data-e-type=\"container\">\n\t\t\t\t<div class=\"elementor-element elementor-element-4b9a3ee elementor-widget elementor-widget-image\" data-id=\"4b9a3ee\" data-element_type=\"widget\" data-e-type=\"widget\" data-widget_type=\"image.default\">\n\t\t\t\t<div class=\"elementor-widget-container\">\n\t\t\t\t\t\t\t\t\t\t\t\t\t\t\t<img fetchpriority=\"high\" decoding=\"async\" width=\"1536\" height=\"1024\" src=\"https:\/\/bali36.se\/wp-content\/uploads\/2026\/01\/ChatGPT-Image-21-jan.-2026-15_38_38.png\" class=\"attachment-full size-full wp-image-1792\" alt=\"\" srcset=\"https:\/\/bali36.se\/wp-content\/uploads\/2026\/01\/ChatGPT-Image-21-jan.-2026-15_38_38.png 1536w, https:\/\/bali36.se\/wp-content\/uploads\/2026\/01\/ChatGPT-Image-21-jan.-2026-15_38_38-300x200.png 300w, https:\/\/bali36.se\/wp-content\/uploads\/2026\/01\/ChatGPT-Image-21-jan.-2026-15_38_38-1024x683.png 1024w, https:\/\/bali36.se\/wp-content\/uploads\/2026\/01\/ChatGPT-Image-21-jan.-2026-15_38_38-768x512.png 768w, https:\/\/bali36.se\/wp-content\/uploads\/2026\/01\/ChatGPT-Image-21-jan.-2026-15_38_38-18x12.png 18w\" sizes=\"(max-width: 1536px) 100vw, 1536px\" \/>\t\t\t\t\t\t\t\t\t\t\t\t\t\t\t<\/div>\n\t\t\t\t<\/div>\n\t\t\t\t<div class=\"elementor-element elementor-element-f44b950 elementor-widget elementor-widget-image-box\" data-id=\"f44b950\" data-element_type=\"widget\" data-e-type=\"widget\" data-widget_type=\"image-box.default\">\n\t\t\t\t<div class=\"elementor-widget-container\">\n\t\t\t\t\t<div class=\"elementor-image-box-wrapper\"><div class=\"elementor-image-box-content\"><h4 class=\"elementor-image-box-title\">Din vision, levererad<\/h4><p class=\"elementor-image-box-description\">Fr\u00e5n id\u00e9 till f\u00e4rdig l\u00f6sning \u2013 vi ser till att din webbplats inte bara ser bra ut utan ocks\u00e5 fungerar perfekt. Upplev tillfredsst\u00e4llelsen av att se dina id\u00e9er bli verklighet.\n<\/p><\/div><\/div>\t\t\t\t<\/div>\n\t\t\t\t<\/div>\n\t\t\t\t<\/div>\n\t\t<div class=\"elementor-element elementor-element-97b6305 e-con-full e-flex e-con e-child\" data-id=\"97b6305\" data-element_type=\"container\" data-e-type=\"container\">\n\t\t\t\t<div class=\"elementor-element elementor-element-92d0f8f elementor-widget elementor-widget-image\" data-id=\"92d0f8f\" data-element_type=\"widget\" data-e-type=\"widget\" data-widget_type=\"image.default\">\n\t\t\t\t<div class=\"elementor-widget-container\">\n\t\t\t\t\t\t\t\t\t\t\t\t\t\t\t<img decoding=\"async\" width=\"1024\" height=\"683\" src=\"https:\/\/bali36.se\/wp-content\/uploads\/2026\/01\/ChatGPT-Image-21-jan.-2026-15_30_14-1024x683.png\" class=\"attachment-large size-large wp-image-1786\" alt=\"\" srcset=\"https:\/\/bali36.se\/wp-content\/uploads\/2026\/01\/ChatGPT-Image-21-jan.-2026-15_30_14-1024x683.png 1024w, https:\/\/bali36.se\/wp-content\/uploads\/2026\/01\/ChatGPT-Image-21-jan.-2026-15_30_14-300x200.png 300w, https:\/\/bali36.se\/wp-content\/uploads\/2026\/01\/ChatGPT-Image-21-jan.-2026-15_30_14-768x512.png 768w, https:\/\/bali36.se\/wp-content\/uploads\/2026\/01\/ChatGPT-Image-21-jan.-2026-15_30_14-18x12.png 18w, https:\/\/bali36.se\/wp-content\/uploads\/2026\/01\/ChatGPT-Image-21-jan.-2026-15_30_14.png 1536w\" sizes=\"(max-width: 1024px) 100vw, 1024px\" \/>\t\t\t\t\t\t\t\t\t\t\t\t\t\t\t<\/div>\n\t\t\t\t<\/div>\n\t\t\t\t<div class=\"elementor-element elementor-element-aa2d461 elementor-widget__width-initial elementor-widget elementor-widget-image-box\" data-id=\"aa2d461\" data-element_type=\"widget\" data-e-type=\"widget\" data-widget_type=\"image-box.default\">\n\t\t\t\t<div class=\"elementor-widget-container\">\n\t\t\t\t\t<div class=\"elementor-image-box-wrapper\"><div class=\"elementor-image-box-content\"><h4 class=\"elementor-image-box-title\"><br>Stora id\u00e9er b\u00f6rjar h\u00e4r<\/h4><p class=\"elementor-image-box-description\">Samarbete skapar kreativitet. Tillsammans omvandlar vi koncept till konkreta l\u00f6sningar som g\u00f6r verklig skillnad.\n<\/p><\/div><\/div>\t\t\t\t<\/div>\n\t\t\t\t<\/div>\n\t\t\t\t<\/div>\n\t\t<div class=\"elementor-element elementor-element-0868ec7 e-con-full e-flex e-con e-child\" data-id=\"0868ec7\" data-element_type=\"container\" data-e-type=\"container\">\n\t\t\t\t<div class=\"elementor-element elementor-element-1b683b1 elementor-widget elementor-widget-image\" data-id=\"1b683b1\" data-element_type=\"widget\" data-e-type=\"widget\" data-widget_type=\"image.default\">\n\t\t\t\t<div class=\"elementor-widget-container\">\n\t\t\t\t\t\t\t\t\t\t\t\t\t\t\t<img decoding=\"async\" width=\"1536\" height=\"1024\" src=\"https:\/\/bali36.se\/wp-content\/uploads\/2026\/01\/ChatGPT-Image-21-jan.-2026-15_33_52.png\" class=\"attachment-full size-full wp-image-1787\" alt=\"\" srcset=\"https:\/\/bali36.se\/wp-content\/uploads\/2026\/01\/ChatGPT-Image-21-jan.-2026-15_33_52.png 1536w, https:\/\/bali36.se\/wp-content\/uploads\/2026\/01\/ChatGPT-Image-21-jan.-2026-15_33_52-300x200.png 300w, https:\/\/bali36.se\/wp-content\/uploads\/2026\/01\/ChatGPT-Image-21-jan.-2026-15_33_52-1024x683.png 1024w, https:\/\/bali36.se\/wp-content\/uploads\/2026\/01\/ChatGPT-Image-21-jan.-2026-15_33_52-768x512.png 768w, https:\/\/bali36.se\/wp-content\/uploads\/2026\/01\/ChatGPT-Image-21-jan.-2026-15_33_52-18x12.png 18w\" sizes=\"(max-width: 1536px) 100vw, 1536px\" \/>\t\t\t\t\t\t\t\t\t\t\t\t\t\t\t<\/div>\n\t\t\t\t<\/div>\n\t\t\t\t<div class=\"elementor-element elementor-element-551acc8 elementor-widget elementor-widget-image-box\" data-id=\"551acc8\" data-element_type=\"widget\" data-e-type=\"widget\" data-widget_type=\"image-box.default\">\n\t\t\t\t<div class=\"elementor-widget-container\">\n\t\t\t\t\t<div class=\"elementor-image-box-wrapper\"><div class=\"elementor-image-box-content\"><h4 class=\"elementor-image-box-title\">F\u00f6rverkligar id\u00e9er<\/h4><p class=\"elementor-image-box-description\">Fokuserat, innovativt och professionellt. Vi f\u00f6rvandlar id\u00e9er till snygga, funktionella webbplatser och digitala l\u00f6sningar.\n\n<\/p><\/div><\/div>\t\t\t\t<\/div>\n\t\t\t\t<\/div>\n\t\t\t\t<\/div>\n\t\t\t\t<\/div>\n\t\t\t\t<\/div>\n\t\t\t\t\t<\/div>\n\t\t\t\t<\/div>\n\t\t\t\t<section class=\"elementor-section elementor-top-section elementor-element elementor-element-9k7kbn5 elementor-section-content-middle elementor-section-boxed elementor-section-height-default elementor-section-height-default\" data-id=\"9k7kbn5\" data-element_type=\"section\" data-e-type=\"section\">\n\t\t\t\t\t\t<div class=\"elementor-container elementor-column-gap-no\">\n\t\t\t\t\t<div class=\"elementor-column elementor-col-50 elementor-top-column elementor-element elementor-element-e2ff3f8\" data-id=\"e2ff3f8\" data-element_type=\"column\" data-e-type=\"column\">\n\t\t\t<div class=\"elementor-widget-wrap elementor-element-populated\">\n\t\t\t\t\t\t<div class=\"elementor-element elementor-element-c8804af elementor-widget elementor-widget-heading\" data-id=\"c8804af\" data-element_type=\"widget\" data-e-type=\"widget\" data-widget_type=\"heading.default\">\n\t\t\t\t<div class=\"elementor-widget-container\">\n\t\t\t\t\t<h2 class=\"elementor-heading-title elementor-size-default\">L\u00e5t oss f\u00f6rverkliga din id\u00e9\n<\/h2>\t\t\t\t<\/div>\n\t\t\t\t<\/div>\n\t\t\t\t<div class=\"elementor-element elementor-element-55d464f elementor-widget elementor-widget-text-editor\" data-id=\"55d464f\" data-element_type=\"widget\" data-e-type=\"widget\" data-widget_type=\"text-editor.default\">\n\t\t\t\t<div class=\"elementor-widget-container\">\n\t\t\t\t\t\t\t\t\t<p>V\u00e4nta inte l\u00e4ngre. Boka ditt kostnadsfria uppstartsm\u00f6te idag och se hur vi kan f\u00f6rvandla din vision till en professionell, fantastisk webbplats. Det f\u00f6rsta steget \u00e4r enkelt \u2013 ta kontakt s\u00e5 tar vi hand om resten<\/p>\t\t\t\t\t\t\t\t<\/div>\n\t\t\t\t<\/div>\n\t\t\t\t<section class=\"elementor-section elementor-inner-section elementor-element elementor-element-1562971 elementor-section-boxed elementor-section-height-default elementor-section-height-default\" data-id=\"1562971\" data-element_type=\"section\" data-e-type=\"section\">\n\t\t\t\t\t\t<div class=\"elementor-container elementor-column-gap-no\">\n\t\t\t\t\t<div class=\"elementor-column elementor-col-50 elementor-inner-column elementor-element elementor-element-5f94de3\" data-id=\"5f94de3\" data-element_type=\"column\" data-e-type=\"column\">\n\t\t\t<div class=\"elementor-widget-wrap elementor-element-populated\">\n\t\t\t\t\t\t<div class=\"elementor-element elementor-element-c2ea5d1 elementor-widget elementor-widget-heading\" data-id=\"c2ea5d1\" data-element_type=\"widget\" data-e-type=\"widget\" data-widget_type=\"heading.default\">\n\t\t\t\t<div class=\"elementor-widget-container\">\n\t\t\t\t\t<h4 class=\"elementor-heading-title elementor-size-default\">Kontaktuppgifter<\/h4>\t\t\t\t<\/div>\n\t\t\t\t<\/div>\n\t\t\t\t<div class=\"elementor-element elementor-element-c66c92b elementor-widget elementor-widget-text-editor\" data-id=\"c66c92b\" data-element_type=\"widget\" data-e-type=\"widget\" data-widget_type=\"text-editor.default\">\n\t\t\t\t<div class=\"elementor-widget-container\">\n\t\t\t\t\t\t\t\t\t<p>RobVera \u2013 Travel &amp; Tourism,<br \/>+46 763 499 363<br \/><a href=\"mailto:info@bali36.se\">info@bali36.se<\/a><br \/>Sweden &amp; Thailand<\/p>\t\t\t\t\t\t\t\t<\/div>\n\t\t\t\t<\/div>\n\t\t\t\t\t<\/div>\n\t\t<\/div>\n\t\t\t\t<div class=\"elementor-column elementor-col-50 elementor-inner-column elementor-element elementor-element-7b1544f\" data-id=\"7b1544f\" data-element_type=\"column\" data-e-type=\"column\">\n\t\t\t<div class=\"elementor-widget-wrap elementor-element-populated\">\n\t\t\t\t\t\t<div class=\"elementor-element elementor-element-f97acc8 elementor-widget elementor-widget-heading\" data-id=\"f97acc8\" data-element_type=\"widget\" data-e-type=\"widget\" data-widget_type=\"heading.default\">\n\t\t\t\t<div class=\"elementor-widget-container\">\n\t\t\t\t\t<h4 class=\"elementor-heading-title elementor-size-default\">\u00d6ppettider<\/h4>\t\t\t\t<\/div>\n\t\t\t\t<\/div>\n\t\t\t\t<div class=\"elementor-element elementor-element-82b1820 elementor-icon-list--layout-traditional elementor-list-item-link-full_width elementor-widget elementor-widget-icon-list\" data-id=\"82b1820\" data-element_type=\"widget\" data-e-type=\"widget\" data-widget_type=\"icon-list.default\">\n\t\t\t\t<div class=\"elementor-widget-container\">\n\t\t\t\t\t\t\t<ul class=\"elementor-icon-list-items\">\n\t\t\t\t\t\t\t<li class=\"elementor-icon-list-item\">\n\t\t\t\t\t\t\t\t\t\t<span class=\"elementor-icon-list-text\">Vardagar - 08.00-17.00<\/span>\n\t\t\t\t\t\t\t\t\t<\/li>\n\t\t\t\t\t\t\t\t<li class=\"elementor-icon-list-item\">\n\t\t\t\t\t\t\t\t\t\t<span class=\"elementor-icon-list-text\">L\u00f6rdagar - 11.00-16.00<\/span>\n\t\t\t\t\t\t\t\t\t<\/li>\n\t\t\t\t\t\t\t\t<li class=\"elementor-icon-list-item\">\n\t\t\t\t\t\t\t\t\t\t<span class=\"elementor-icon-list-text\">S\u00f6ndagar - St\u00e4ngt<\/span>\n\t\t\t\t\t\t\t\t\t<\/li>\n\t\t\t\t\t\t<\/ul>\n\t\t\t\t\t\t<\/div>\n\t\t\t\t<\/div>\n\t\t\t\t\t<\/div>\n\t\t<\/div>\n\t\t\t\t\t<\/div>\n\t\t<\/section>\n\t\t\t\t\t<\/div>\n\t\t<\/div>\n\t\t\t\t<div class=\"elementor-column elementor-col-50 elementor-top-column elementor-element elementor-element-e66ddf3\" data-id=\"e66ddf3\" data-element_type=\"column\" data-e-type=\"column\">\n\t\t\t<div class=\"elementor-widget-wrap elementor-element-populated\">\n\t\t\t\t\t\t<div class=\"elementor-element elementor-element-0e0528d elementor-widget elementor-widget-google_maps\" data-id=\"0e0528d\" data-element_type=\"widget\" data-e-type=\"widget\" data-widget_type=\"google_maps.default\">\n\t\t\t\t<div class=\"elementor-widget-container\">\n\t\t\t\t\t\t\t<div class=\"elementor-custom-embed\">\n\t\t\t<iframe loading=\"lazy\"\n\t\t\t\t\tsrc=\"https:\/\/maps.google.com\/maps?q=rayong&#038;t=m&#038;z=7&#038;output=embed&#038;iwloc=near\"\n\t\t\t\t\ttitle=\"rayong\"\n\t\t\t\t\taria-label=\"rayong\"\n\t\t\t><\/iframe>\n\t\t<\/div>\n\t\t\t\t\t\t<\/div>\n\t\t\t\t<\/div>\n\t\t\t\t\t<\/div>\n\t\t<\/div>\n\t\t\t\t\t<\/div>\n\t\t<\/section>\n\t\t\t\t<\/div>","protected":false},"excerpt":{"rendered":"<p>WEB DESIGN Besides enjoying Thailand, we also help people create professional websites and designs, drawing on years of experience in developing system solutions for small to large international businesses. Reach out below to schedule a free startup meeting. Your Vision, Delivered From concept to completion, we ensure your website not only looks great but works [&hellip;]<\/p>\n","protected":false},"author":1,"featured_media":0,"parent":0,"menu_order":0,"comment_status":"closed","ping_status":"closed","template":"","meta":{"site-sidebar-layout":"no-sidebar","site-content-layout":"page-builder","ast-site-content-layout":"default","site-content-style":"default","site-sidebar-style":"default","ast-global-header-display":"","ast-banner-title-visibility":"","ast-main-header-display":"","ast-hfb-above-header-display":"","ast-hfb-below-header-display":"","ast-hfb-mobile-header-display":"","site-post-title":"disabled","ast-breadcrumbs-content":"","ast-featured-img":"disabled","footer-sml-layout":"","ast-disable-related-posts":"","theme-transparent-header-meta":"enabled","adv-header-id-meta":"","stick-header-meta":"","header-above-stick-meta":"","header-main-stick-meta":"","header-below-stick-meta":"","astra-migrate-meta-layouts":"default","ast-page-background-enabled":"default","ast-page-background-meta":{"desktop":{"background-color":"","background-image":"","background-repeat":"repeat","background-position":"center center","background-size":"auto","background-attachment":"scroll","background-type":"","background-media":"","overlay-type":"","overlay-color":"","overlay-opacity":"","overlay-gradient":""},"tablet":{"background-color":"","background-image":"","background-repeat":"repeat","background-position":"center center","background-size":"auto","background-attachment":"scroll","background-type":"","background-media":"","overlay-type":"","overlay-color":"","overlay-opacity":"","overlay-gradient":""},"mobile":{"background-color":"","background-image":"","background-repeat":"repeat","background-position":"center center","background-size":"auto","background-attachment":"scroll","background-type":"","background-media":"","overlay-type":"","overlay-color":"","overlay-opacity":"","overlay-gradient":""}},"ast-content-background-meta":{"desktop":{"background-color":"var(--ast-global-color-5)","background-image":"","background-repeat":"repeat","background-position":"center center","background-size":"auto","background-attachment":"scroll","background-type":"","background-media":"","overlay-type":"","overlay-color":"","overlay-opacity":"","overlay-gradient":""},"tablet":{"background-color":"var(--ast-global-color-5)","background-image":"","background-repeat":"repeat","background-position":"center center","background-size":"auto","background-attachment":"scroll","background-type":"","background-media":"","overlay-type":"","overlay-color":"","overlay-opacity":"","overlay-gradient":""},"mobile":{"background-color":"var(--ast-global-color-5)","background-image":"","background-repeat":"repeat","background-position":"center center","background-size":"auto","background-attachment":"scroll","background-type":"","background-media":"","overlay-type":"","overlay-color":"","overlay-opacity":"","overlay-gradient":""}},"footnotes":""},"class_list":["post-1768","page","type-page","status-publish","hentry"],"_links":{"self":[{"href":"https:\/\/bali36.se\/sv\/wp-json\/wp\/v2\/pages\/1768","targetHints":{"allow":["GET"]}}],"collection":[{"href":"https:\/\/bali36.se\/sv\/wp-json\/wp\/v2\/pages"}],"about":[{"href":"https:\/\/bali36.se\/sv\/wp-json\/wp\/v2\/types\/page"}],"author":[{"embeddable":true,"href":"https:\/\/bali36.se\/sv\/wp-json\/wp\/v2\/users\/1"}],"replies":[{"embeddable":true,"href":"https:\/\/bali36.se\/sv\/wp-json\/wp\/v2\/comments?post=1768"}],"version-history":[{"count":24,"href":"https:\/\/bali36.se\/sv\/wp-json\/wp\/v2\/pages\/1768\/revisions"}],"predecessor-version":[{"id":1804,"href":"https:\/\/bali36.se\/sv\/wp-json\/wp\/v2\/pages\/1768\/revisions\/1804"}],"wp:attachment":[{"href":"https:\/\/bali36.se\/sv\/wp-json\/wp\/v2\/media?parent=1768"}],"curies":[{"name":"wp","href":"https:\/\/api.w.org\/{rel}","templated":true}]}}